{"id":2950,"date":"2023-09-13T11:47:59","date_gmt":"2023-09-13T11:47:59","guid":{"rendered":"https:\/\/samotics.com\/?page_id=2950"},"modified":"2024-06-25T16:54:34","modified_gmt":"2024-06-25T14:54:34","slug":"terms-and-conditions-2","status":"publish","type":"page","link":"https:\/\/samotics.com\/pt\/privacy-and-cookie-policy","title":{"rendered":"Pol\u00edtica de privacidade e de cookies"},"content":{"rendered":"<div data-elementor-type=\"wp-page\" data-elementor-id=\"2950\" class=\"elementor elementor-2950\" data-elementor-post-type=\"page\">\n\t\t\t\t<div class=\"elementor-element elementor-element-0ca6548 e-flex e-con-boxed e-con e-parent\" data-id=\"0ca6548\" data-element_type=\"container\" data-e-type=\"container\" data-settings=\"{&quot;jet_parallax_layout_list&quot;:[]}\">\n\t\t\t\t\t<div class=\"e-con-inner\">\n\t\t\t\t<div class=\"elementor-element elementor-element-84e5430 elementor-widget elementor-widget-heading\" data-id=\"84e5430\" data-element_type=\"widget\" data-e-type=\"widget\" data-widget_type=\"heading.default\">\n\t\t\t\t<div class=\"elementor-widget-container\">\n\t\t\t\t\t<h1 class=\"elementor-heading-title elementor-size-default\">Pol\u00edtica de privacidade e de cookies<\/h1>\t\t\t\t<\/div>\n\t\t\t\t<\/div>\n\t\t\t\t<div class=\"elementor-element elementor-element-f027b75 elementor-widget__width-initial elementor-widget elementor-widget-text-editor\" data-id=\"f027b75\" data-element_type=\"widget\" data-e-type=\"widget\" data-widget_type=\"text-editor.default\">\n\t\t\t\t<div class=\"elementor-widget-container\">\n\t\t\t\t\t\t\t\t\t<header class=\"block__header\"><h2 class=\"block__title title--l\">Declara\u00e7\u00e3o de privacidade<\/h2><\/header><div class=\"block__content\"><div class=\"block__text text--styled\"><p>Esta declara\u00e7\u00e3o da Samotics BV, com sede em Bargelaan 200, 2333 CW, Leiden, Pa\u00edses Baixos, informa-o sobre a nossa utiliza\u00e7\u00e3o dos seus dados pessoais e a nossa utiliza\u00e7\u00e3o de cookies quando visita e visitou o nosso s\u00edtio Web, www.samotics.com (\"S\u00edtio Web\").<\/p><h3>Quando utilizamos os seus dados pessoais<\/h3><p>Podemos pedir-lhe que forne\u00e7a determinados dados pessoais se<\/p><ul><li>deseja receber mais informa\u00e7\u00f5es<\/li><li>pretende agendar uma chamada<\/li><li>pretende agendar uma demonstra\u00e7\u00e3o<\/li><li>deseja receber uma brochura ou ficha de especifica\u00e7\u00f5es<\/li><li>subscrever a newsletter<\/li><\/ul><div>\u00a0<\/div><p><strong>Podemos utilizar estes dados para:<\/strong><\/p><ul><li>cumprir obriga\u00e7\u00f5es contratuais ou adotar medidas pr\u00e9-contratuais<\/li><li>prestar-lhe um servi\u00e7o solicitado<\/li><li>entrar em contacto consigo a seu pedido<\/li><li>participar em actividades de marketing (direto)<\/li><li>participar em comunica\u00e7\u00f5es e publicidade personalizadas (com o consentimento do utilizador)<\/li><li>melhorar e analisar a utiliza\u00e7\u00e3o do s\u00edtio Web<\/li><\/ul><div>\u00a0<\/div><p><strong>Quando\/onde for legalmente exigido, solicitaremos a sua autoriza\u00e7\u00e3o para utilizar os seus dados pessoais. Noutros casos, estamos legalmente autorizados a processar os seus dados pessoais se tal for necess\u00e1rio:<\/strong><\/p><ul><li>para a execu\u00e7\u00e3o de um contrato com o utilizador ou para tomar medidas pr\u00e9-contratuais a seu pedido<\/li><li>para cumprimento de uma obriga\u00e7\u00e3o legal a que o Samotics esteja sujeito<\/li><li>para efeitos dos interesses leg\u00edtimos prosseguidos pela Samotics ou por terceiros<\/li><\/ul><div>\u00a0<\/div><p><strong>Os seus direitos:<\/strong><\/p><ul><li>solicitar o acesso aos seus dados pessoais<\/li><li>solicitar a retifica\u00e7\u00e3o e o apagamento dos seus dados pessoais<\/li><li>solicitar uma restri\u00e7\u00e3o ao tratamento dos seus dados pessoais<\/li><li>retirar o seu consentimento para o tratamento dos seus dados pessoais em qualquer altura<\/li><li>apresentar uma queixa \u00e0 autoridade de controlo competente (Autoriteit Persoonsgegevens nos Pa\u00edses Baixos)<\/li><\/ul><div>\u00a0<\/div><h3>Reten\u00e7\u00e3o<\/h3><p>Conservaremos os dados pessoais apenas durante o per\u00edodo necess\u00e1rio.<\/p><h2>Sobre esta pol\u00edtica de cookies<\/h2><p>Esta pol\u00edtica de cookies explica o que s\u00e3o cookies e como os utilizamos. Deve ler esta pol\u00edtica para compreender o que s\u00e3o cookies, como os utilizamos, os tipos de cookies que utilizamos, as informa\u00e7\u00f5es que recolhemos utilizando cookies e como essas informa\u00e7\u00f5es s\u00e3o utilizadas, e como controlar as suas prefer\u00eancias de cookies. Para mais informa\u00e7\u00f5es sobre a forma como utilizamos, armazenamos e mantemos os seus dados pessoais seguros, consulte a nossa pol\u00edtica de privacidade.<\/p><p data-sider-select-id=\"d2a3336c-d210-4550-94c8-e70ae8471f30\">O utilizador pode, em qualquer altura, alterar ou retirar o seu consentimento da declara\u00e7\u00e3o de cookies no nosso s\u00edtio Web. Saiba mais sobre quem somos, como nos pode contactar e como processamos os dados pessoais na nossa pol\u00edtica de privacidade. O seu consentimento aplica-se aos seguintes dom\u00ednios: samotics.com.<\/p><h3>O que s\u00e3o bolachas?<\/h3><p>Os cookies s\u00e3o pequenos ficheiros de texto que s\u00e3o utilizados para armazenar pequenas informa\u00e7\u00f5es. Os cookies s\u00e3o armazenados no seu dispositivo quando o s\u00edtio Web \u00e9 carregado no seu browser. Estes cookies ajudam-nos a fazer com que o s\u00edtio Web funcione corretamente, a tornar o s\u00edtio Web mais seguro, a proporcionar uma melhor experi\u00eancia ao utilizador e a compreender o desempenho do s\u00edtio Web, bem como a analisar o que funciona e onde \u00e9 necess\u00e1rio melhorar.<\/p><h3>Como posso controlar as prefer\u00eancias de cookies?<\/h3><p>Diferentes navegadores oferecem diferentes m\u00e9todos para bloquear e apagar os cookies utilizados pelos s\u00edtios Web. Pode alterar as defini\u00e7\u00f5es do seu navegador para bloquear\/eliminar os cookies. Para saber mais sobre como gerir e eliminar cookies, visite\u00a0<a href=\"https:\/\/en.wikipedia.org\/wiki\/HTTP_cookie\" target=\"_blank\" rel=\"noopener noreferrer\">wikipedia.org<\/a>,\u00a0<a href=\"http:\/\/www.allaboutcookies.org\/\" target=\"_blank\" rel=\"noopener noreferrer\">www.allaboutcookies.org<\/a>.<\/p><h2>Pedido de elimina\u00e7\u00e3o dos seus dados<\/h2><p>Respeitamos a sua privacidade e queremos garantir que tem controlo sobre as suas informa\u00e7\u00f5es pessoais. Se pretender que eliminemos quaisquer dados pessoais que tenhamos sobre si, siga as instru\u00e7\u00f5es abaixo:<\/p><ol><li><strong>Contactar-nos<\/strong><br \/>Contactar <span style=\"text-decoration: underline;\"><a href=\"mailto:privacy@samotics.com?subject=Data%20deletion%20request&amp;body=Hi%20Samotics%2C%0A%0AI%20am%20writing%20to%20request%20the%20deletion%20of%20my%20personal%20data%20from%20your%20records.%20Here%20are%20the%20details%20to%20help%20you%20locate%20my%20information%3A%0A%0AName%3A%0AEmail%3A%0AAny%20other%20relevant%20information%3A%0A%0APlease%20confirm%20once%20the%20deletion%20has%20been%20completed%20or%20if%20you%20need%20any%20further%20information%20from%20me.%0A%0AThank%20you%20for%20your%20assistance%20in%20this%20matter.%0A%0ABest%20regards%2C\">privacy@samotics.com<\/a><\/span> com o assunto \"Pedido de apagamento de dados\". Ao clicar no endere\u00e7o de correio eletr\u00f3nico acima, ser\u00e1 automaticamente criado um modelo de correio eletr\u00f3nico para si.<\/li><li><strong>Incluir pormenores<br \/><\/strong>Na mensagem de correio eletr\u00f3nico, indique os dados pessoais que pensa que podemos ter, para que possamos proceder \u00e0 sua transfer\u00eancia.<\/li><li><strong>Confirma\u00e7\u00e3o<\/strong><br \/>Assim que recebermos o seu pedido, confirmaremos que os seus dados foram eliminados.<\/li><\/ol><p>Estamos empenhados em proteger a sua privacidade e processaremos o seu pedido o mais rapidamente poss\u00edvel. Se tiver alguma d\u00favida, n\u00e3o hesite em contactar-nos atrav\u00e9s do chat do nosso s\u00edtio Web ou da p\u00e1gina de contacto.<\/p><\/div><\/div>\t\t\t\t\t\t\t\t<\/div>\n\t\t\t\t<\/div>\n\t\t\t\t\t<\/div>\n\t\t\t\t<\/div>\n\t\t\t\t<\/div>","protected":false},"excerpt":{"rendered":"<p>Privacy and cookie policy Privacy statement This statement by Samotics BV, registered office at Bargelaan 200, 2333 CW, Leiden, the Netherlands, informs you about our use of your personal data and our use of cookies when you visit and have visited our website, www.samotics.com (\u201cWebsite\u201d). When we use your personal data We may request you [&hellip;]<\/p>\n","protected":false},"author":1,"featured_media":0,"parent":0,"menu_order":0,"comment_status":"closed","ping_status":"closed","template":"","meta":{"content-type":"","_lmt_disableupdate":"","_lmt_disable":"","footnotes":""},"coauthors":[],"class_list":["post-2950","page","type-page","status-publish","hentry"],"_links":{"self":[{"href":"https:\/\/samotics.com\/pt\/wp-json\/wp\/v2\/pages\/2950","targetHints":{"allow":["GET"]}}],"collection":[{"href":"https:\/\/samotics.com\/pt\/wp-json\/wp\/v2\/pages"}],"about":[{"href":"https:\/\/samotics.com\/pt\/wp-json\/wp\/v2\/types\/page"}],"author":[{"embeddable":true,"href":"https:\/\/samotics.com\/pt\/wp-json\/wp\/v2\/users\/1"}],"replies":[{"embeddable":true,"href":"https:\/\/samotics.com\/pt\/wp-json\/wp\/v2\/comments?post=2950"}],"version-history":[{"count":10,"href":"https:\/\/samotics.com\/pt\/wp-json\/wp\/v2\/pages\/2950\/revisions"}],"predecessor-version":[{"id":8709,"href":"https:\/\/samotics.com\/pt\/wp-json\/wp\/v2\/pages\/2950\/revisions\/8709"}],"wp:attachment":[{"href":"https:\/\/samotics.com\/pt\/wp-json\/wp\/v2\/media?parent=2950"}],"wp:term":[{"taxonomy":"author","embeddable":true,"href":"https:\/\/samotics.com\/pt\/wp-json\/wp\/v2\/coauthors?post=2950"}],"curies":[{"name":"wp","href":"https:\/\/api.w.org\/{rel}","templated":true}]}}