{"id":2943,"date":"2023-09-13T11:43:29","date_gmt":"2023-09-13T11:43:29","guid":{"rendered":"https:\/\/samotics.com\/?page_id=2943"},"modified":"2023-11-20T10:24:10","modified_gmt":"2023-11-20T10:24:10","slug":"terms-of-usage","status":"publish","type":"page","link":"https:\/\/samotics.com\/pt\/terms-of-usage","title":{"rendered":"Termos de utiliza\u00e7\u00e3o"},"content":{"rendered":"<div data-elementor-type=\"wp-page\" data-elementor-id=\"2943\" class=\"elementor elementor-2943\" data-elementor-post-type=\"page\">\n\t\t\t\t<div class=\"elementor-element elementor-element-0ca6548 e-flex e-con-boxed e-con e-parent\" data-id=\"0ca6548\" data-element_type=\"container\" data-e-type=\"container\" data-settings=\"{&quot;jet_parallax_layout_list&quot;:[]}\">\n\t\t\t\t\t<div class=\"e-con-inner\">\n\t\t\t\t<div class=\"elementor-element elementor-element-84e5430 elementor-widget elementor-widget-heading\" data-id=\"84e5430\" data-element_type=\"widget\" data-e-type=\"widget\" data-widget_type=\"heading.default\">\n\t\t\t\t<div class=\"elementor-widget-container\">\n\t\t\t\t\t<h1 class=\"elementor-heading-title elementor-size-default\">Termos de utiliza\u00e7\u00e3o<\/h1>\t\t\t\t<\/div>\n\t\t\t\t<\/div>\n\t\t\t\t<div class=\"elementor-element elementor-element-f027b75 elementor-widget__width-initial elementor-widget elementor-widget-text-editor\" data-id=\"f027b75\" data-element_type=\"widget\" data-e-type=\"widget\" data-widget_type=\"text-editor.default\">\n\t\t\t\t<div class=\"elementor-widget-container\">\n\t\t\t\t\t\t\t\t\tO s\u00edtio Web www.samotics.com (\"S\u00edtio Web\"), propriedade da Samotics BV, com sede social em Bargelaan 200, 2333 CW, Leiden, Pa\u00edses Baixos, tem os seguintes termos de utilizador para a sua utiliza\u00e7\u00e3o do s\u00edtio Web www.samotics.com.\r\n<h2>Geral<\/h2>\r\nAo utilizar o s\u00edtio Web, o utilizador declara e garante que agir\u00e1 em conformidade com as presentes Condi\u00e7\u00f5es de Utiliza\u00e7\u00e3o.\r\n<h2>Conte\u00fado e propriedade intelectual<\/h2>\r\nTodos os direitos de propriedade intelectual no conte\u00fado publicado no site pertencem exclusivamente a Samotics, ou seus fornecedores, quando aplic\u00e1vel, salvo indica\u00e7\u00e3o em contr\u00e1rio. Isto inclui marcas registadas, log\u00f3tipos, nomes comerciais, conte\u00fado editorial, software, desenhos, fotografias, designs e imagens.\r\n<h2>Limita\u00e7\u00e3o da responsabilidade<\/h2>\r\nNa medida m\u00e1xima permitida pela lei aplic\u00e1vel, n\u00f3s, os nossos parceiros de conte\u00fados e os nossos fornecedores n\u00e3o seremos respons\u00e1veis por qualquer erro de digita\u00e7\u00e3o ou outro erro, falha ou engano relacionado com o Website e o seu conte\u00fado.\r\n<h2>Dados pessoais<\/h2>\r\nQuando ou se utilizar quaisquer servi\u00e7os no nosso s\u00edtio Web, poderemos pedir-lhe que forne\u00e7a informa\u00e7\u00f5es espec\u00edficas, incluindo dados pessoais. Utilizamos estes dados de acordo com a legisla\u00e7\u00e3o aplic\u00e1vel em mat\u00e9ria de prote\u00e7\u00e3o de dados e privacidade. Ao fornecer-nos informa\u00e7\u00f5es, o utilizador reconhece que essas informa\u00e7\u00f5es s\u00e3o precisas, actualizadas e correctas.\r\n<h2>Refer\u00eancias a terceiros<\/h2>\r\nO nosso s\u00edtio Web pode conter hiperliga\u00e7\u00f5es ou refer\u00eancias a s\u00edtios Web de terceiros. N\u00e3o temos qualquer controlo sobre esses s\u00edtios Web de terceiros, nem podemos ser responsabilizados por s\u00edtios Web de terceiros quando o utilizador os visita atrav\u00e9s das hiperliga\u00e7\u00f5es. Aconselhamos o utilizador a tomar nota de quaisquer termos e condi\u00e7\u00f5es aplic\u00e1veis antes de utilizar s\u00edtios Web de terceiros.\r\n<h2>Legisla\u00e7\u00e3o aplic\u00e1vel e resolu\u00e7\u00e3o de lit\u00edgios<\/h2>\r\nOs nossos Termos de Utiliza\u00e7\u00e3o ser\u00e3o regidos e interpretados de acordo com as leis dos Pa\u00edses Baixos. Tribunal aplic\u00e1vel: Haia, nos Pa\u00edses Baixos.\r\n<h2>Altera\u00e7\u00f5es<\/h2>\r\nReservamo-nos o direito de alterar, modificar, adicionar ou remover partes do Web site e dos nossos Termos de utiliza\u00e7\u00e3o em qualquer altura.\r\n\r\n&nbsp;\r\n\r\n<em>Os presentes Termos de Utiliza\u00e7\u00e3o foram actualizados pela \u00faltima vez em 29 de dezembro de 2018.<\/em>\t\t\t\t\t\t\t\t<\/div>\n\t\t\t\t<\/div>\n\t\t\t\t\t<\/div>\n\t\t\t\t<\/div>\n\t\t\t\t<\/div>","protected":false},"excerpt":{"rendered":"<p>Terms of usage The website www.samotics.com (\u201cWebsite\u201d), owned by Samotics BV, registered office at Bargelaan 200, 2333 CW, Leiden, the Netherlands, has the following user terms for your use of the www.samotics.com website. General When using the Website, you represent and warrant that you will act in accordance with these Terms of Use. Content and [&hellip;]<\/p>\n","protected":false},"author":1,"featured_media":0,"parent":0,"menu_order":0,"comment_status":"closed","ping_status":"closed","template":"","meta":{"content-type":"","_lmt_disableupdate":"no","_lmt_disable":"","footnotes":""},"coauthors":[22],"class_list":["post-2943","page","type-page","status-publish","hentry"],"_links":{"self":[{"href":"https:\/\/samotics.com\/pt\/wp-json\/wp\/v2\/pages\/2943","targetHints":{"allow":["GET"]}}],"collection":[{"href":"https:\/\/samotics.com\/pt\/wp-json\/wp\/v2\/pages"}],"about":[{"href":"https:\/\/samotics.com\/pt\/wp-json\/wp\/v2\/types\/page"}],"author":[{"embeddable":true,"href":"https:\/\/samotics.com\/pt\/wp-json\/wp\/v2\/users\/1"}],"replies":[{"embeddable":true,"href":"https:\/\/samotics.com\/pt\/wp-json\/wp\/v2\/comments?post=2943"}],"version-history":[{"count":9,"href":"https:\/\/samotics.com\/pt\/wp-json\/wp\/v2\/pages\/2943\/revisions"}],"predecessor-version":[{"id":5452,"href":"https:\/\/samotics.com\/pt\/wp-json\/wp\/v2\/pages\/2943\/revisions\/5452"}],"wp:attachment":[{"href":"https:\/\/samotics.com\/pt\/wp-json\/wp\/v2\/media?parent=2943"}],"wp:term":[{"taxonomy":"author","embeddable":true,"href":"https:\/\/samotics.com\/pt\/wp-json\/wp\/v2\/coauthors?post=2943"}],"curies":[{"name":"wp","href":"https:\/\/api.w.org\/{rel}","templated":true}]}}