{"id":2950,"date":"2023-09-13T11:47:59","date_gmt":"2023-09-13T11:47:59","guid":{"rendered":"https:\/\/samotics.com\/?page_id=2950"},"modified":"2024-06-25T16:54:34","modified_gmt":"2024-06-25T14:54:34","slug":"terms-and-conditions-2","status":"publish","type":"page","link":"https:\/\/samotics.com\/es\/privacy-and-cookie-policy","title":{"rendered":"Pol\u00edtica de privacidad y cookies"},"content":{"rendered":"<div data-elementor-type=\"wp-page\" data-elementor-id=\"2950\" class=\"elementor elementor-2950\" data-elementor-post-type=\"page\">\n\t\t\t\t<div class=\"elementor-element elementor-element-0ca6548 e-flex e-con-boxed e-con e-parent\" data-id=\"0ca6548\" data-element_type=\"container\" data-e-type=\"container\" data-settings=\"{&quot;jet_parallax_layout_list&quot;:[]}\">\n\t\t\t\t\t<div class=\"e-con-inner\">\n\t\t\t\t<div class=\"elementor-element elementor-element-84e5430 elementor-widget elementor-widget-heading\" data-id=\"84e5430\" data-element_type=\"widget\" data-e-type=\"widget\" data-widget_type=\"heading.default\">\n\t\t\t\t<div class=\"elementor-widget-container\">\n\t\t\t\t\t<h1 class=\"elementor-heading-title elementor-size-default\">Pol\u00edtica de privacidad y cookies<\/h1>\t\t\t\t<\/div>\n\t\t\t\t<\/div>\n\t\t\t\t<div class=\"elementor-element elementor-element-f027b75 elementor-widget__width-initial elementor-widget elementor-widget-text-editor\" data-id=\"f027b75\" data-element_type=\"widget\" data-e-type=\"widget\" data-widget_type=\"text-editor.default\">\n\t\t\t\t<div class=\"elementor-widget-container\">\n\t\t\t\t\t\t\t\t\t<header class=\"block__header\"><h2 class=\"block__title title--l\">Declaraci\u00f3n de confidencialidad<\/h2><\/header><div class=\"block__content\"><div class=\"block__text text--styled\"><p>Esta declaraci\u00f3n de Samotics BV, con domicilio social en Bargelaan 200, 2333 CW, Leiden, Pa\u00edses Bajos, le informa sobre el uso que hacemos de sus datos personales y de las cookies cuando visita y ha visitado nuestro sitio web, www.samotics.com (\"Sitio web\").<\/p><h3>Cu\u00e1ndo utilizamos sus datos personales<\/h3><p>Podemos pedirle que nos facilite determinados datos personales si usted:<\/p><ul><li>desea recibir m\u00e1s informaci\u00f3n<\/li><li>desea programar una llamada<\/li><li>desea programar una demostraci\u00f3n<\/li><li>desea recibir un folleto o una hoja de especificaciones<\/li><li>suscribirse al bolet\u00edn<\/li><\/ul><div>\u00a0<\/div><p><strong>Podemos utilizar estos datos para:<\/strong><\/p><ul><li>cumplir las obligaciones contractuales o adoptar medidas precontractuales<\/li><li>prestarle un servicio solicitado<\/li><li>ponernos en contacto con usted a petici\u00f3n suya<\/li><li>realizar actividades de marketing (directo)<\/li><li>participar en comunicaciones y publicidad personalizadas (con su consentimiento)<\/li><li>mejorar y analizar el uso del sitio web<\/li><\/ul><div>\u00a0<\/div><p><strong>Cuando o donde sea legalmente necesario, solicitaremos su permiso para utilizar sus datos personales. En los dem\u00e1s casos, estamos legalmente autorizados a tratar sus datos personales si es necesario:<\/strong><\/p><ul><li>para la ejecuci\u00f3n de un contrato con usted o para adoptar medidas precontractuales a petici\u00f3n suya<\/li><li>para el cumplimiento de una obligaci\u00f3n legal a la que est\u00e9 sujeto Samotics<\/li><li>a efectos de los intereses leg\u00edtimos perseguidos por Samotics o por un tercero<\/li><\/ul><div>\u00a0<\/div><p><strong>Sus derechos:<\/strong><\/p><ul><li>solicitar acceso a sus datos personales<\/li><li>solicitar la rectificaci\u00f3n y supresi\u00f3n de sus datos personales<\/li><li>solicitar la limitaci\u00f3n del tratamiento de sus datos personales<\/li><li>retirar en cualquier momento su consentimiento para el tratamiento de sus datos personales<\/li><li>presentar una reclamaci\u00f3n ante la autoridad de control competente (Autoriteit Persoonsgegevens en los Pa\u00edses Bajos)<\/li><\/ul><div>\u00a0<\/div><h3>Retenci\u00f3n<\/h3><p>No conservaremos los datos personales m\u00e1s tiempo del necesario.<\/p><h2>Acerca de esta pol\u00edtica de cookies<\/h2><p>Esta pol\u00edtica de cookies explica qu\u00e9 son las cookies y c\u00f3mo las utilizamos. Debe leer esta pol\u00edtica para entender qu\u00e9 son las cookies, c\u00f3mo las utilizamos, los tipos de cookies que utilizamos, la informaci\u00f3n que recopilamos utilizando cookies y c\u00f3mo se utiliza esa informaci\u00f3n, y c\u00f3mo controlar sus preferencias de cookies. Para m\u00e1s informaci\u00f3n sobre c\u00f3mo utilizamos, almacenamos y mantenemos seguros sus datos personales, consulte nuestra pol\u00edtica de privacidad.<\/p><p data-sider-select-id=\"d2a3336c-d210-4550-94c8-e70ae8471f30\">Puede cambiar o retirar su consentimiento en cualquier momento en la declaraci\u00f3n de cookies de nuestro sitio web. Obtenga m\u00e1s informaci\u00f3n sobre qui\u00e9nes somos, c\u00f3mo puede ponerse en contacto con nosotros y c\u00f3mo procesamos los datos personales en nuestra pol\u00edtica de privacidad. Su consentimiento se aplica a los siguientes dominios: samotics.com.<\/p><h3>\u00bfQu\u00e9 son las cookies?<\/h3><p>Las cookies son peque\u00f1os archivos de texto que se utilizan para almacenar peque\u00f1as piezas de informaci\u00f3n. Las cookies se almacenan en su dispositivo cuando se carga el sitio web en su navegador. Estas cookies nos ayudan a hacer que el sitio web funcione correctamente, a que el sitio web sea m\u00e1s seguro, a proporcionar una mejor experiencia de usuario y a entender c\u00f3mo funciona el sitio web y analizar qu\u00e9 funciona y en qu\u00e9 aspectos necesita mejoras.<\/p><h3>\u00bfC\u00f3mo puedo controlar las preferencias de cookies?<\/h3><p>Los distintos navegadores ofrecen diferentes m\u00e9todos para bloquear y eliminar las cookies utilizadas por los sitios web. Puede cambiar la configuraci\u00f3n de su navegador para bloquear\/eliminar las cookies. Para saber m\u00e1s sobre c\u00f3mo gestionar y eliminar las cookies, visite\u00a0<a href=\"https:\/\/en.wikipedia.org\/wiki\/HTTP_cookie\" target=\"_blank\" rel=\"noopener noreferrer\">wikipedia.org<\/a>,\u00a0<a href=\"http:\/\/www.allaboutcookies.org\/\" target=\"_blank\" rel=\"noopener noreferrer\">www.allaboutcookies.org<\/a>.<\/p><h2>Solicitar la supresi\u00f3n de sus datos<\/h2><p>Respetamos su privacidad y queremos asegurarnos de que tiene control sobre su informaci\u00f3n personal. Si desea que eliminemos cualquier dato personal que tengamos sobre usted, siga las instrucciones que se indican a continuaci\u00f3n:<\/p><ol><li><strong>P\u00f3ngase en contacto con nosotros<\/strong><br \/>Ac\u00e9rcate a <span style=\"text-decoration: underline;\"><a href=\"mailto:privacy@samotics.com?subject=Data%20deletion%20request&amp;body=Hi%20Samotics%2C%0A%0AI%20am%20writing%20to%20request%20the%20deletion%20of%20my%20personal%20data%20from%20your%20records.%20Here%20are%20the%20details%20to%20help%20you%20locate%20my%20information%3A%0A%0AName%3A%0AEmail%3A%0AAny%20other%20relevant%20information%3A%0A%0APlease%20confirm%20once%20the%20deletion%20has%20been%20completed%20or%20if%20you%20need%20any%20further%20information%20from%20me.%0A%0AThank%20you%20for%20your%20assistance%20in%20this%20matter.%0A%0ABest%20regards%2C\">privacy@samotics.com<\/a><\/span> con el asunto \"Solicitud de supresi\u00f3n de datos\". Al hacer clic en la direcci\u00f3n de correo electr\u00f3nico anterior se crear\u00e1 autom\u00e1ticamente una plantilla de correo electr\u00f3nico para usted.<\/li><li><strong>Incluir detalles<br \/><\/strong>En el correo electr\u00f3nico, facil\u00edtenos los datos personales que crea que podemos tener para que podamos reubicarlos.<\/li><li><strong>Confirmaci\u00f3n<\/strong><br \/>Una vez recibida su solicitud, le confirmaremos que sus datos han sido suprimidos.<\/li><\/ol><p>Nos comprometemos a proteger su privacidad y tramitaremos su solicitud lo antes posible. Si tiene alguna pregunta, no dude en ponerse en contacto con nosotros a trav\u00e9s del chat o la p\u00e1gina de contacto.<\/p><\/div><\/div>\t\t\t\t\t\t\t\t<\/div>\n\t\t\t\t<\/div>\n\t\t\t\t\t<\/div>\n\t\t\t\t<\/div>\n\t\t\t\t<\/div>","protected":false},"excerpt":{"rendered":"<p>Privacy and cookie policy Privacy statement This statement by Samotics BV, registered office at Bargelaan 200, 2333 CW, Leiden, the Netherlands, informs you about our use of your personal data and our use of cookies when you visit and have visited our website, www.samotics.com (\u201cWebsite\u201d). When we use your personal data We may request you [&hellip;]<\/p>\n","protected":false},"author":1,"featured_media":0,"parent":0,"menu_order":0,"comment_status":"closed","ping_status":"closed","template":"","meta":{"content-type":"","_lmt_disableupdate":"","_lmt_disable":"","footnotes":""},"coauthors":[],"class_list":["post-2950","page","type-page","status-publish","hentry"],"_links":{"self":[{"href":"https:\/\/samotics.com\/es\/wp-json\/wp\/v2\/pages\/2950","targetHints":{"allow":["GET"]}}],"collection":[{"href":"https:\/\/samotics.com\/es\/wp-json\/wp\/v2\/pages"}],"about":[{"href":"https:\/\/samotics.com\/es\/wp-json\/wp\/v2\/types\/page"}],"author":[{"embeddable":true,"href":"https:\/\/samotics.com\/es\/wp-json\/wp\/v2\/users\/1"}],"replies":[{"embeddable":true,"href":"https:\/\/samotics.com\/es\/wp-json\/wp\/v2\/comments?post=2950"}],"version-history":[{"count":10,"href":"https:\/\/samotics.com\/es\/wp-json\/wp\/v2\/pages\/2950\/revisions"}],"predecessor-version":[{"id":8709,"href":"https:\/\/samotics.com\/es\/wp-json\/wp\/v2\/pages\/2950\/revisions\/8709"}],"wp:attachment":[{"href":"https:\/\/samotics.com\/es\/wp-json\/wp\/v2\/media?parent=2950"}],"wp:term":[{"taxonomy":"author","embeddable":true,"href":"https:\/\/samotics.com\/es\/wp-json\/wp\/v2\/coauthors?post=2950"}],"curies":[{"name":"wp","href":"https:\/\/api.w.org\/{rel}","templated":true}]}}