{"id":2943,"date":"2023-09-13T11:43:29","date_gmt":"2023-09-13T11:43:29","guid":{"rendered":"https:\/\/samotics.com\/?page_id=2943"},"modified":"2023-11-20T10:24:10","modified_gmt":"2023-11-20T10:24:10","slug":"terms-of-usage","status":"publish","type":"page","link":"https:\/\/samotics.com\/es\/terms-of-usage","title":{"rendered":"Condiciones de uso"},"content":{"rendered":"<div data-elementor-type=\"wp-page\" data-elementor-id=\"2943\" class=\"elementor elementor-2943\" data-elementor-post-type=\"page\">\n\t\t\t\t<div class=\"elementor-element elementor-element-0ca6548 e-flex e-con-boxed e-con e-parent\" data-id=\"0ca6548\" data-element_type=\"container\" data-e-type=\"container\" data-settings=\"{&quot;jet_parallax_layout_list&quot;:[]}\">\n\t\t\t\t\t<div class=\"e-con-inner\">\n\t\t\t\t<div class=\"elementor-element elementor-element-84e5430 elementor-widget elementor-widget-heading\" data-id=\"84e5430\" data-element_type=\"widget\" data-e-type=\"widget\" data-widget_type=\"heading.default\">\n\t\t\t\t<div class=\"elementor-widget-container\">\n\t\t\t\t\t<h1 class=\"elementor-heading-title elementor-size-default\">Condiciones de uso<\/h1>\t\t\t\t<\/div>\n\t\t\t\t<\/div>\n\t\t\t\t<div class=\"elementor-element elementor-element-f027b75 elementor-widget__width-initial elementor-widget elementor-widget-text-editor\" data-id=\"f027b75\" data-element_type=\"widget\" data-e-type=\"widget\" data-widget_type=\"text-editor.default\">\n\t\t\t\t<div class=\"elementor-widget-container\">\n\t\t\t\t\t\t\t\t\tEl sitio web www.samotics.com (\"Sitio web\"), propiedad de Samotics BV, con domicilio social en Bargelaan 200, 2333 CW, Leiden, Pa\u00edses Bajos, establece las siguientes condiciones de uso del sitio web www.samotics.com.\r\n<h2>General<\/h2>\r\nAl utilizar el Sitio Web, usted declara y garantiza que actuar\u00e1 de conformidad con las presentes Condiciones de Uso.\r\n<h2>Contenido y propiedad intelectual<\/h2>\r\nTodos los derechos de propiedad intelectual de los contenidos publicados en el Sitio Web pertenecen exclusivamente a Samotics o, en su caso, a sus proveedores, salvo que se indique lo contrario. Esto incluye marcas comerciales, logotipos, nombres comerciales, contenido editorial, software, dibujos, fotograf\u00edas, dise\u00f1os e im\u00e1genes.\r\n<h2>Limitaci\u00f3n de responsabilidad<\/h2>\r\nEn la medida en que lo permita la legislaci\u00f3n aplicable, nosotros, nuestros socios de contenido y nuestros proveedores no seremos responsables de ning\u00fan error tipogr\u00e1fico o de otro tipo, deficiencia o equivocaci\u00f3n en relaci\u00f3n con el Sitio Web y su contenido.\r\n<h2>Datos personales<\/h2>\r\nAl utilizar cualquiera de los servicios de nuestro sitio web, es posible que le pidamos que nos facilite informaci\u00f3n espec\u00edfica, incluidos datos personales. Utilizamos estos datos de conformidad con la legislaci\u00f3n aplicable en materia de protecci\u00f3n de datos y privacidad. Al facilitarnos informaci\u00f3n, usted reconoce que dicha informaci\u00f3n es exacta, est\u00e1 actualizada y es correcta.\r\n<h2>Referencias a terceros<\/h2>\r\nNuestro sitio web puede contener hiperv\u00ednculos o referencias a sitios web de terceros. No tenemos ning\u00fan control sobre dichos sitios web de terceros, ni podemos hacernos responsables de los sitios web de terceros cuando usted los visita a trav\u00e9s de los hiperv\u00ednculos. Le aconsejamos que se informe de los t\u00e9rminos y condiciones aplicables antes de utilizar sitios web de terceros.\r\n<h2>Legislaci\u00f3n aplicable y resoluci\u00f3n de litigios<\/h2>\r\nNuestras Condiciones de uso se regir\u00e1n por la legislaci\u00f3n de los Pa\u00edses Bajos. Tribunal aplicable: La Haya, Pa\u00edses Bajos.\r\n<h2>Cambios<\/h2>\r\nNos reservamos el derecho a cambiar, modificar, a\u00f1adir o eliminar partes del Sitio Web y nuestras Condiciones de Uso en cualquier momento.\r\n\r\n&nbsp;\r\n\r\n<em>Estas Condiciones de uso se actualizaron por \u00faltima vez el 29 de diciembre de 2018.<\/em>\t\t\t\t\t\t\t\t<\/div>\n\t\t\t\t<\/div>\n\t\t\t\t\t<\/div>\n\t\t\t\t<\/div>\n\t\t\t\t<\/div>","protected":false},"excerpt":{"rendered":"<p>Terms of usage The website www.samotics.com (\u201cWebsite\u201d), owned by Samotics BV, registered office at Bargelaan 200, 2333 CW, Leiden, the Netherlands, has the following user terms for your use of the www.samotics.com website. General When using the Website, you represent and warrant that you will act in accordance with these Terms of Use. Content and [&hellip;]<\/p>\n","protected":false},"author":1,"featured_media":0,"parent":0,"menu_order":0,"comment_status":"closed","ping_status":"closed","template":"","meta":{"content-type":"","_lmt_disableupdate":"no","_lmt_disable":"","footnotes":""},"coauthors":[22],"class_list":["post-2943","page","type-page","status-publish","hentry"],"_links":{"self":[{"href":"https:\/\/samotics.com\/es\/wp-json\/wp\/v2\/pages\/2943","targetHints":{"allow":["GET"]}}],"collection":[{"href":"https:\/\/samotics.com\/es\/wp-json\/wp\/v2\/pages"}],"about":[{"href":"https:\/\/samotics.com\/es\/wp-json\/wp\/v2\/types\/page"}],"author":[{"embeddable":true,"href":"https:\/\/samotics.com\/es\/wp-json\/wp\/v2\/users\/1"}],"replies":[{"embeddable":true,"href":"https:\/\/samotics.com\/es\/wp-json\/wp\/v2\/comments?post=2943"}],"version-history":[{"count":9,"href":"https:\/\/samotics.com\/es\/wp-json\/wp\/v2\/pages\/2943\/revisions"}],"predecessor-version":[{"id":5452,"href":"https:\/\/samotics.com\/es\/wp-json\/wp\/v2\/pages\/2943\/revisions\/5452"}],"wp:attachment":[{"href":"https:\/\/samotics.com\/es\/wp-json\/wp\/v2\/media?parent=2943"}],"wp:term":[{"taxonomy":"author","embeddable":true,"href":"https:\/\/samotics.com\/es\/wp-json\/wp\/v2\/coauthors?post=2943"}],"curies":[{"name":"wp","href":"https:\/\/api.w.org\/{rel}","templated":true}]}}